{"id":161,"date":"2026-04-07T20:43:48","date_gmt":"2026-04-07T20:43:48","guid":{"rendered":"https:\/\/mercadobanner.com.ar\/?page_id=161"},"modified":"2026-04-08T00:23:22","modified_gmt":"2026-04-08T00:23:22","slug":"inicio-2","status":"publish","type":"page","link":"https:\/\/mercadobanner.com.ar\/","title":{"rendered":"Inicio"},"content":{"rendered":"\t\t<div data-elementor-type=\"wp-page\" data-elementor-id=\"161\" class=\"elementor elementor-161\">\n\t\t\t\t<div class=\"elementor-element elementor-element-4eecdf18 e-flex e-con-boxed e-con e-parent\" data-id=\"4eecdf18\" data-element_type=\"container\" data-e-type=\"container\">\n\t\t\t\t\t<div class=\"e-con-inner\">\n\t\t\t\t<div class=\"elementor-element elementor-element-349b47d2 elementor-widget elementor-widget-text-editor\" data-id=\"349b47d2\" data-element_type=\"widget\" data-e-type=\"widget\" data-widget_type=\"text-editor.default\">\n\t\t\t\t\t\t\t\t\t<div class=\"section-wrapper\" data-id=\"0CQJTr\">\n<section class=\"wp-block-gutenverse-section guten-element guten-section guten-0CQJTr layout-boxed align-stretch\">\n<div class=\"guten-container guten-column-gap-default\">\n<p><\/p>\n<div class=\"wp-block-gutenverse-column guten-element guten-column guten-oHJtbx\">\n<div class=\"guten-column-wrapper\" data-id=\"oHJtbx\">\n<p><\/p>\n<h1 class=\"wp-block-heading\">Gesti\u00f3n de banners en 2 clicks.<\/h1>\n<h1 class=\"wp-block-heading\">Sin complicaciones<\/h1>\n<p><\/p>\n<p>Public\u00e1 anuncios, gener\u00e1 Media Kits autom\u00e1ticos y envi\u00e1 reportes con tu marca. Todo desde un solo panel.<\/p>\n<p><\/p>\n<p><\/p>\n<p><\/p>\n<div class=\"wp-block-buttons is-layout-flex wp-block-buttons-is-layout-flex\">\n<p><\/p>\n<div class=\"wp-block-button\"><a class=\"wp-block-button__link wp-element-button\">Comenzar ahora \u2192\u00a0 \u00a0 \u00a0 \u00a0 \u00a0 \u00a0 \u00a0 \u00a0<\/a><a class=\"wp-block-button__link wp-element-button\">Ver c\u00f3mo funciona<\/a><\/div>\n<p><\/p>\n<\/div>\n<p><\/p>\n<\/div>\n<\/div>\n<p><\/p>\n<div class=\"wp-block-gutenverse-column guten-element guten-column guten-XfLtar\">\n<div class=\"guten-column-wrapper\" data-id=\"XfLtar\">\n<p><\/p>\n<figure class=\"wp-block-image size-full\"><img fetchpriority=\"high\" decoding=\"async\" width=\"1024\" height=\"1024\" class=\"wp-image-23\" src=\"https:\/\/mercadobanner.com.ar\/wp-content\/uploads\/2025\/08\/ChatGPT-Image-3-may-2025-01_42_29.png\" alt=\"\" srcset=\"https:\/\/mercadobanner.com.ar\/wp-content\/uploads\/2025\/08\/ChatGPT-Image-3-may-2025-01_42_29.png 1024w, https:\/\/mercadobanner.com.ar\/wp-content\/uploads\/2025\/08\/ChatGPT-Image-3-may-2025-01_42_29-300x300.png 300w, https:\/\/mercadobanner.com.ar\/wp-content\/uploads\/2025\/08\/ChatGPT-Image-3-may-2025-01_42_29-150x150.png 150w, https:\/\/mercadobanner.com.ar\/wp-content\/uploads\/2025\/08\/ChatGPT-Image-3-may-2025-01_42_29-768x768.png 768w\" sizes=\"(max-width: 1024px) 100vw, 1024px\" \/><\/figure>\n<p><\/p>\n<\/div>\n<\/div>\n<p><\/p>\n<\/div>\n<\/section>\n<\/div>\n<p><!-- \/wp:gutenverse\/section --><!-- wp:columns --><\/p>\n<div class=\"wp-block-columns\">\n<p><!-- wp:column --><\/p>\n<div class=\"wp-block-column\">\u00a0<\/div>\n<p><!-- \/wp:column --><!-- wp:column --><\/p>\n<div class=\"wp-block-column\">\u00a0<\/div>\n<p><!-- \/wp:column --><!-- wp:column --><\/p>\n<div class=\"wp-block-column\">\u00a0<\/div>\n<p><!-- \/wp:column --><\/p>\n<\/div>\n<p><!-- \/wp:columns --><!-- wp:heading --><\/p>\n<h2 class=\"wp-block-heading\">\u00a0<\/h2>\n<p><!-- \/wp:paragraph --><!-- wp:paragraph --><\/p>\n<p><!-- \/wp:paragraph --><\/p>\t\t\t\t\t\t\t\t<\/div>\n\t\t\t\t\t<\/div>\n\t\t\t\t<\/div>\n\t\t\t\t<\/div>\n\t\t","protected":false},"excerpt":{"rendered":"<p>\u00a0 \u00a0 \u00a0 \u00a0<\/p>\n","protected":false},"author":2,"featured_media":0,"parent":0,"menu_order":0,"comment_status":"closed","ping_status":"closed","template":"","meta":{"_acf_changed":false,"footnotes":""},"class_list":["post-161","page","type-page","status-publish","hentry"],"acf":[],"_links":{"self":[{"href":"https:\/\/mercadobanner.com.ar\/wp-json\/wp\/v2\/pages\/161","targetHints":{"allow":["GET"]}}],"collection":[{"href":"https:\/\/mercadobanner.com.ar\/wp-json\/wp\/v2\/pages"}],"about":[{"href":"https:\/\/mercadobanner.com.ar\/wp-json\/wp\/v2\/types\/page"}],"author":[{"embeddable":true,"href":"https:\/\/mercadobanner.com.ar\/wp-json\/wp\/v2\/users\/2"}],"replies":[{"embeddable":true,"href":"https:\/\/mercadobanner.com.ar\/wp-json\/wp\/v2\/comments?post=161"}],"version-history":[{"count":13,"href":"https:\/\/mercadobanner.com.ar\/wp-json\/wp\/v2\/pages\/161\/revisions"}],"predecessor-version":[{"id":244,"href":"https:\/\/mercadobanner.com.ar\/wp-json\/wp\/v2\/pages\/161\/revisions\/244"}],"wp:attachment":[{"href":"https:\/\/mercadobanner.com.ar\/wp-json\/wp\/v2\/media?parent=161"}],"curies":[{"name":"wp","href":"https:\/\/api.w.org\/{rel}","templated":true}]}}